{"id":12,"date":"2019-09-06T13:04:27","date_gmt":"2019-09-06T11:04:27","guid":{"rendered":"http:\/\/rkx.es\/web01\/?page_id=12"},"modified":"2021-03-05T11:37:09","modified_gmt":"2021-03-05T10:37:09","slug":"elementor-12","status":"publish","type":"page","link":"https:\/\/popularesconil.es\/index.php\/elementor-12\/","title":{"rendered":"Contacto"},"content":{"rendered":"\n<p>En el Partido Popular de Conil tu opini\u00f3n nos interesa mucho. <strong>\u00a1Cu\u00e9ntanos!<\/strong><\/p>\n\n\n\n<p>Para nosotros es fundamental saber qu\u00e9 piensa la ciudadan\u00eda y  conocer sus inquietudes. Por eso nos gusta atender las preguntas o dudas  que tengas, tus sugerencias, consultas o simplemente alg\u00fan mensaje que  quieras hacernos llegar.<\/p>\n\n\n\n<p>Tambi\u00e9n estamos disponibles en el correo electr\u00f3nico<strong> pp.conil@hotmail.com<\/strong><\/p>\n\n\n<p>[wpforms id=\u00bb152&#8243; title=\u00bbfalse\u00bb description=\u00bbfalse\u00bb]<\/p>","protected":false},"excerpt":{"rendered":"<p>En el Partido Popular de Conil tu opini\u00f3n nos interesa mucho. \u00a1Cu\u00e9ntanos! Para nosotros es fundamental saber qu\u00e9 piensa la ciudadan\u00eda y conocer sus inquietudes. Por eso nos gusta atender las preguntas o dudas que tengas, tus sugerencias, consultas o simplemente alg\u00fan mensaje que quieras hacernos llegar. Tambi\u00e9n estamos disponibles en el correo electr\u00f3nico pp.conil@hotmail.com [&hellip;]<\/p>\n","protected":false},"author":3,"featured_media":0,"parent":0,"menu_order":0,"comment_status":"closed","ping_status":"closed","template":"","meta":{"footnotes":""},"class_list":["post-12","page","type-page","status-publish","hentry"],"_links":{"self":[{"href":"https:\/\/popularesconil.es\/index.php\/wp-json\/wp\/v2\/pages\/12","targetHints":{"allow":["GET"]}}],"collection":[{"href":"https:\/\/popularesconil.es\/index.php\/wp-json\/wp\/v2\/pages"}],"about":[{"href":"https:\/\/popularesconil.es\/index.php\/wp-json\/wp\/v2\/types\/page"}],"author":[{"embeddable":true,"href":"https:\/\/popularesconil.es\/index.php\/wp-json\/wp\/v2\/users\/3"}],"replies":[{"embeddable":true,"href":"https:\/\/popularesconil.es\/index.php\/wp-json\/wp\/v2\/comments?post=12"}],"version-history":[{"count":5,"href":"https:\/\/popularesconil.es\/index.php\/wp-json\/wp\/v2\/pages\/12\/revisions"}],"predecessor-version":[{"id":794,"href":"https:\/\/popularesconil.es\/index.php\/wp-json\/wp\/v2\/pages\/12\/revisions\/794"}],"wp:attachment":[{"href":"https:\/\/popularesconil.es\/index.php\/wp-json\/wp\/v2\/media?parent=12"}],"curies":[{"name":"wp","href":"https:\/\/api.w.org\/{rel}","templated":true}]}}