{"id":16,"date":"2019-08-30T18:29:25","date_gmt":"2019-08-30T16:29:25","guid":{"rendered":"http:\/\/rkx.es\/web01\/?page_id=16"},"modified":"2023-05-12T12:53:19","modified_gmt":"2023-05-12T10:53:19","slug":"elementor-16","status":"publish","type":"page","link":"https:\/\/popularesconil.es\/index.php\/elementor-16\/","title":{"rendered":"D\u00f3nde estamos"},"content":{"rendered":"<p>Nos encontrar\u00e1s en nuestra sede en la C\/ Constituc\u00edon n\u00b05 &#8211; Conil C\u00e1diz<\/p>\n<p>Si tienes alguna sugerencia no dudes en enviarnos un correo a pp.conil@hotmail.com<\/p>\n<p>Tambi\u00e9n puedes llamarnos a nuestro tel\u00e9fono o enviarnos un Whatsapp a <strong>690 64 8243&nbsp;<\/strong><\/p>\n<p><iframe frameborder=\"0\" scrolling=\"no\" marginheight=\"0\" marginwidth=\"0\" src=\"https:\/\/maps.google.com\/maps?q=plaza%20de%20la%20constitucion%2C%205%2C%20conil%20de&amp;t=m&amp;z=10&amp;output=embed&amp;iwloc=near\" aria-label=\"plaza de la constitucion, 5, conil de\"><\/iframe><\/p>\n","protected":false},"excerpt":{"rendered":"<p>Nos encontrar\u00e1s en nuestra sede en la C\/ Constituc\u00edon n\u00b05 &#8211; Conil C\u00e1diz Si tienes alguna sugerencia no dudes en enviarnos un correo a pp.conil@hotmail.com Tambi\u00e9n puedes llamarnos a nuestro tel\u00e9fono o enviarnos un Whatsapp a 690 64 8243&nbsp;<\/p>\n","protected":false},"author":3,"featured_media":0,"parent":0,"menu_order":0,"comment_status":"closed","ping_status":"closed","template":"","meta":{"footnotes":""},"class_list":["post-16","page","type-page","status-publish","hentry"],"_links":{"self":[{"href":"https:\/\/popularesconil.es\/index.php\/wp-json\/wp\/v2\/pages\/16","targetHints":{"allow":["GET"]}}],"collection":[{"href":"https:\/\/popularesconil.es\/index.php\/wp-json\/wp\/v2\/pages"}],"about":[{"href":"https:\/\/popularesconil.es\/index.php\/wp-json\/wp\/v2\/types\/page"}],"author":[{"embeddable":true,"href":"https:\/\/popularesconil.es\/index.php\/wp-json\/wp\/v2\/users\/3"}],"replies":[{"embeddable":true,"href":"https:\/\/popularesconil.es\/index.php\/wp-json\/wp\/v2\/comments?post=16"}],"version-history":[{"count":11,"href":"https:\/\/popularesconil.es\/index.php\/wp-json\/wp\/v2\/pages\/16\/revisions"}],"predecessor-version":[{"id":535,"href":"https:\/\/popularesconil.es\/index.php\/wp-json\/wp\/v2\/pages\/16\/revisions\/535"}],"wp:attachment":[{"href":"https:\/\/popularesconil.es\/index.php\/wp-json\/wp\/v2\/media?parent=16"}],"curies":[{"name":"wp","href":"https:\/\/api.w.org\/{rel}","templated":true}]}}